{"id":831,"date":"2023-03-12T16:55:31","date_gmt":"2023-03-12T16:55:31","guid":{"rendered":"http:\/\/www.golgelikcadir.com\/?post_type=product&#038;p=831"},"modified":"2023-03-12T16:57:46","modified_gmt":"2023-03-12T16:57:46","slug":"clk-225-x-225mt-mega-dual-semsiye-bahce-cafe-otel-plaj-semsiyeleri","status":"publish","type":"product","link":"http:\/\/www.golgelikcadir.com\/?product=clk-225-x-225mt-mega-dual-semsiye-bahce-cafe-otel-plaj-semsiyeleri","title":{"rendered":"CLK 225 x 225mt Mega Dual \u015eemsiye Bah\u00e7e Cafe Otel Plaj \u015eemsiyeleri"},"content":{"rendered":"<h2 style=\"text-align: center;\">CLK 225 x 225mt Mega Dual \u015eemsiye Bah\u00e7e Cafe Otel Plaj \u015eemsiyeleri<\/h2>\n<h3 style=\"text-align: center;\">CLK \u015eemsiye \u0130malat\u0131 ve Sat\u0131\u015f\u0131 Yapan Lider Firmad\u0131r<\/h3>\n<div>CLK 225&#215;225 cm Mega Dual \u015eemsiye<\/div>\n<div>50 lt Bidon Dahil \u015eemsiye<\/div>\n<div>\n<div class=\"woocommerce-product-details__short-description\">\n<div class=\"woocommerce-product-details__short-description\">\n<p>Ana dire\u011fi ortadan iki par\u00e7aya ayr\u0131labilen CLK Mega Dual \u015femsiye, bireysel ve pratik kullan\u0131m i\u00e7in idealdir. Siyah g\u00f6vde ve zengin kuma\u015f renk se\u00e7enekleri ile balkon ve bah\u00e7elerde keyifli anlar\u0131n vazge\u00e7ilmezi olacakt\u0131r.<\/p>\n<p>\u00d6zel kuma\u015f, iskelet rengi ve markan\u0131za \u00f6zel bask\u0131 se\u00e7enekleri i\u00e7in sat\u0131\u015f temsilcimiz ile g\u00f6r\u00fc\u015febilirsiniz.<\/p>\n<h2>EK B\u0130LG\u0130<\/h2>\n<table class=\"woocommerce-product-attributes shop_attributes\">\n<tbody>\n<tr class=\"woocommerce-product-attributes-item woocommerce-product-attributes-item--weight\">\n<th class=\"woocommerce-product-attributes-item__label\">A\u011f\u0131rl\u0131k<\/th>\n<td class=\"woocommerce-product-attributes-item__value\">5.5 kg<\/td>\n<\/tr>\n<tr class=\"woocommerce-product-attributes-item woocommerce-product-attributes-item--dimensions\">\n<th class=\"woocommerce-product-attributes-item__label\">Boyutlar<\/th>\n<td class=\"woocommerce-product-attributes-item__value\">195 \u00d7 16 \u00d7 16 cm<\/td>\n<\/tr>\n<tr class=\"woocommerce-product-attributes-item woocommerce-product-attributes-item--attribute_pa_polyester-kumas-renkleri\">\n<th class=\"woocommerce-product-attributes-item__label\">Polyester Kuma\u015f Renkleri<\/th>\n<td class=\"woocommerce-product-attributes-item__value\">Bordo, Koyu Ye\u015fil, Krem<\/td>\n<\/tr>\n<tr class=\"woocommerce-product-attributes-item woocommerce-product-attributes-item--attribute_pa_iskelet-renkleri\">\n<th class=\"woocommerce-product-attributes-item__label\">\u0130skelet Renkleri<\/th>\n<td class=\"woocommerce-product-attributes-item__value\">Siyah<\/td>\n<\/tr>\n<tr class=\"woocommerce-product-attributes-item woocommerce-product-attributes-item--attribute_pa_kullanim-alani\">\n<th class=\"woocommerce-product-attributes-item__label\">Kullan\u0131m Alan\u0131<\/th>\n<td class=\"woocommerce-product-attributes-item__value\">Bah\u00e7e \/ Teras, Havuz Ba\u015f\u0131, Plaj<\/td>\n<\/tr>\n<\/tbody>\n<\/table>\n<h3>CLK 225&#215;225 Metre Mega Manuel Teleskopik \u015eemsiye \u0130leti\u015fim Bilgileri<\/h3>\n<p>Ankara: 0 312 429 02 09<\/p>\n<p>\u0130stanbul: 0 216 599 03 53<\/p>\n<p>\u0130zmir: 0 850 885 13 65<\/p>\n<p>Antalya: 0 850 885 09 05<\/p>\n<p>Bursa: 0 850 885 20 19<\/p>\n<p>Adana: 0 850 885 20 29<\/p>\n<p>T\u00fcrkiye Geneli Sipari\u015f Hatt\u0131: 0 535 661 97 22<\/p>\n<p>E-Mail:<a href=\"mailto:info@clksemsiye.com.tr\"> info@clksemsiye.com.tr<\/a><\/p>\n<figure id=\"attachment_2281\" aria-describedby=\"caption-attachment-2281\" style=\"width: 493px\" class=\"wp-caption aligncenter\"><a href=\"http:\/\/www.bahcebalkonmobilyalari.com.tr\/?attachment_id=2281\" rel=\"attachment wp-att-2281\"><img decoding=\"async\" loading=\"lazy\" class=\" wp-image-2281\" src=\"http:\/\/www.bahcebalkonmobilyalari.com.tr\/wp-content\/uploads\/2022\/04\/clk-mega-manuel-dual-semsiye-225x225-bahce-cafe-otel-plaj-semsiyesi.png\" alt=\"clk 225x225 mega manuel teleskopik \u015femsiye imalat\u0131 sat\u0131\u015f\u0131 parasol manufacturer\" width=\"493\" height=\"503\" \/><\/a><figcaption id=\"caption-attachment-2281\" class=\"wp-caption-text\">clk 225&#215;225 mega manuel teleskopik \u015femsiye imalat\u0131 sat\u0131\u015f\u0131 parasol manufacturer<\/figcaption><\/figure>\n<\/div>\n<\/div>\n<\/div>\n","protected":false},"excerpt":{"rendered":"<p>CLK 225 x 225mt Mega Dual \u015eemsiye Bah\u00e7e Cafe Otel Plaj \u015eemsiyeleri CLK \u015eemsiye \u0130malat\u0131 ve Sat\u0131\u015f\u0131 Yapan Lider Firmad\u0131r CLK 225&#215;225 cm Mega Dual \u015eemsiye 50 lt Bidon Dahil \u015eemsiye Ana dire\u011fi ortadan iki par\u00e7aya ayr\u0131labilen CLK Mega Dual \u015femsiye, bireysel ve pratik kullan\u0131m i\u00e7in idealdir. Siyah g\u00f6vde ve zengin kuma\u015f renk se\u00e7enekleri ile [&hellip;]<\/p>\n","protected":false},"featured_media":1004,"comment_status":"open","ping_status":"closed","template":"","meta":{"om_disable_all_campaigns":false,"_mi_skip_tracking":false},"product_cat":[475,476,434,641,642,643,560,627,561,532,600,628,629,644,630,645,583,564,646,603,437,565,546,631,468,604,632,634,507,441,442],"product_tag":[647,648,534,649,650,636,637,651,608,609,451,452],"aioseo_notices":[],"_links":{"self":[{"href":"http:\/\/www.golgelikcadir.com\/index.php?rest_route=\/wp\/v2\/product\/831"}],"collection":[{"href":"http:\/\/www.golgelikcadir.com\/index.php?rest_route=\/wp\/v2\/product"}],"about":[{"href":"http:\/\/www.golgelikcadir.com\/index.php?rest_route=\/wp\/v2\/types\/product"}],"replies":[{"embeddable":true,"href":"http:\/\/www.golgelikcadir.com\/index.php?rest_route=%2Fwp%2Fv2%2Fcomments&post=831"}],"wp:featuredmedia":[{"embeddable":true,"href":"http:\/\/www.golgelikcadir.com\/index.php?rest_route=\/wp\/v2\/media\/1004"}],"wp:attachment":[{"href":"http:\/\/www.golgelikcadir.com\/index.php?rest_route=%2Fwp%2Fv2%2Fmedia&parent=831"}],"wp:term":[{"taxonomy":"product_cat","embeddable":true,"href":"http:\/\/www.golgelikcadir.com\/index.php?rest_route=%2Fwp%2Fv2%2Fproduct_cat&post=831"},{"taxonomy":"product_tag","embeddable":true,"href":"http:\/\/www.golgelikcadir.com\/index.php?rest_route=%2Fwp%2Fv2%2Fproduct_tag&post=831"}],"curies":[{"name":"wp","href":"https:\/\/api.w.org\/{rel}","templated":true}]}}