{"id":37,"date":"2023-03-12T16:50:42","date_gmt":"2023-03-12T16:50:42","guid":{"rendered":"http:\/\/www.golgelikcadir.com\/?post_type=product&#038;p=37"},"modified":"2023-03-12T16:52:05","modified_gmt":"2023-03-12T16:52:05","slug":"3x6-metre-clk-katlanabilir-tavan-baskili-gazebo-cadir-portatif-katlanabilir-tente","status":"publish","type":"product","link":"http:\/\/www.golgelikcadir.com\/?product=3x6-metre-clk-katlanabilir-tavan-baskili-gazebo-cadir-portatif-katlanabilir-tente","title":{"rendered":"3&#215;6 Metre CLK Katlanabilir Tavan Bask\u0131l\u0131 Gazebo \u00c7ad\u0131r Portatif Katlanabilir Tente"},"content":{"rendered":"<h2 id=\"Customized_Canopy_Tents\" style=\"text-align: center;\">3&#215;6 Metre CLK Katlanabilir Tavan Bask\u0131l\u0131 Gazebo \u00c7ad\u0131r Portatif Katlanabilir Tente<\/h2>\n<p class=\"large\">Size \u00f6zel tasarlanm\u0131\u015f bir g\u00f6lgelik \u00e7ad\u0131rdan \u00e7ok daha fazlas\u0131!<\/p>\n<div class=\"pr-lg-4\">\n<div data-read-more=\"\">\n<p>CLK ile, ihtiya\u00e7lar\u0131n\u0131z i\u00e7in m\u00fckemmel bir \u00f6zel tasar\u0131mda birinci s\u0131n\u0131f kalite ve i\u015flevselli\u011fi deneyimleyin! 100&#8217;lerce kuma\u015f, \u00e7elik veya al\u00fcminyum \u00e7er\u00e7eve renk\u00a0kombinasyonu, parlak\u00a0y\u00fcksek \u00e7\u00f6z\u00fcn\u00fcrl\u00fckte\u00a0\u00f6zel tam y\u00fczey bask\u0131 ve haz\u0131r uzman tasar\u0131m yard\u0131m\u0131m\u0131zla,\u00a0\u00f6zel bask\u0131l\u0131 katlanabilir g\u00f6lgelik reklam gazebo tente katlan\u0131r \u00e7ad\u0131r\u0131n\u0131z markan\u0131z\u0131n ve hepsinden \u00f6nemlisi, etkinliklerinizin bir par\u00e7as\u0131 haline gelir.<\/p>\n<p>Katlanabilir 3&#215;6 metre bask\u0131l\u0131 g\u00f6lgelik \u00e7ad\u0131r\u0131n\u0131z i\u00e7in m\u00fckemmel renkleri ve bask\u0131y\u0131 se\u00e7mek, ticaret fuarlar\u0131nda, organizasyonlarda, parti tan\u0131t\u0131mlar\u0131nda, pazarlarda ve b\u00fcy\u00fck etkinliklerde \u00f6ne \u00e7\u0131kman\u0131za ve unutulmaz bir mesaj iletmenize yard\u0131mc\u0131 olur ! \u00c7ad\u0131r\u0131n\u0131z\u0131 \u00c7evrimi\u00e7i Tasar\u0131m Merkezimizde tasarlamaya ba\u015flay\u0131n veya nelerin m\u00fcmk\u00fcn oldu\u011funu g\u00f6rmek i\u00e7in uzmanlar\u0131m\u0131zdan biriyle ileti\u015fime ge\u00e7in.<\/p>\n<p>Bask\u0131l\u0131 Gazebo Katlanabilir \u00c7ad\u0131r tavan bask\u0131l\u0131 veya al\u0131n k\u0131sm\u0131 sa\u00e7aklara logo reklam bask\u0131s\u0131z olarak say\u0131s\u0131z s\u0131n\u0131rs\u0131z renklerde bask\u0131 imkan\u0131m\u0131z bulunmaktad\u0131r. Transfer bask\u0131 se\u00e7ene\u011fi ile solmaz l\u0131k garantisi verebilen tek firmay\u0131z. CLK logo bask\u0131l\u0131 \u00e7ad\u0131rlar\u0131 imalat\u0131 sekt\u00f6r\u00fcn lider ismi CLK fabrikalar\u0131nda imalat\u0131 yap\u0131lan katlan\u0131r gazebo tente \u00e7ad\u0131rlar\u0131 hemen sat\u0131n almak veya tasar\u0131m deste\u011fi almak i\u00e7in <strong>0 533 925 36 78<\/strong> numaral\u0131 telefon ile bize ula\u015fabilirsiniz.<\/p>\n<p>CLK 3&#215;6 metre al\u00fcminyum g\u00f6vde veya \u00e7elik g\u00f6vde ile size \u00f6zel tasarlanm\u0131\u015f bask\u0131l\u0131 gazebo reklam tente promosyon katlan\u0131r \u00e7ad\u0131rlar\u0131 sipari\u015fi vermek i\u00e7in bize ula\u015f\u0131n.<\/p>\n<h3>\u0130leti\u015fim:<\/h3>\n<p>Ankara: 0 312 429 02 09<\/p>\n<p>\u0130stanbul: 0 216 599 03 53<\/p>\n<p>\u0130zmir: 0 850 885 13 65<\/p>\n<p>Bursa: 0 850 885 20 19<\/p>\n<p>Antalya: 0 850 885 20 29<\/p>\n<p>Adana: 0 850 885 19 89<\/p>\n<p>\u0130zmit\/Kocaeli: 0 850 885 20 19<\/p>\n<p>T\u00fcrkiye Geneli Kargo \u0130le G\u00f6nderim Hizmetimiz Bulunmaktad\u0131r.<\/p>\n<p><strong>Whatsapp \u0130leti\u015fim Hatt\u0131: 0 533 925 36 78<\/strong><\/p>\n<p>E-Mail: <a href=\"mailto:info@clkticaret.com\">info@clkticaret.com<\/a><\/p>\n<p style=\"text-align: center;\">\n<\/div>\n<\/div>\n","protected":false},"excerpt":{"rendered":"<p>3&#215;6 Metre CLK Katlanabilir Tavan Bask\u0131l\u0131 Gazebo \u00c7ad\u0131r Portatif Katlanabilir Tente Size \u00f6zel tasarlanm\u0131\u015f bir g\u00f6lgelik \u00e7ad\u0131rdan \u00e7ok daha fazlas\u0131! CLK ile, ihtiya\u00e7lar\u0131n\u0131z i\u00e7in m\u00fckemmel bir \u00f6zel tasar\u0131mda birinci s\u0131n\u0131f kalite ve i\u015flevselli\u011fi deneyimleyin! 100&#8217;lerce kuma\u015f, \u00e7elik veya al\u00fcminyum \u00e7er\u00e7eve renk\u00a0kombinasyonu, parlak\u00a0y\u00fcksek \u00e7\u00f6z\u00fcn\u00fcrl\u00fckte\u00a0\u00f6zel tam y\u00fczey bask\u0131 ve haz\u0131r uzman tasar\u0131m yard\u0131m\u0131m\u0131zla,\u00a0\u00f6zel bask\u0131l\u0131 katlanabilir g\u00f6lgelik reklam [&hellip;]<\/p>\n","protected":false},"featured_media":380,"comment_status":"open","ping_status":"closed","template":"","meta":{"om_disable_all_campaigns":false,"_mi_skip_tracking":false},"product_cat":[212,213,214,215,100,101,102,103,104,216,105,106,107,108,204,184,185,205,186,25,26,27,64,187,30,188,31],"product_tag":[217,218,219,208,209,176,45,193,49,194,51,220,195,53,199,210,211],"aioseo_notices":[],"_links":{"self":[{"href":"http:\/\/www.golgelikcadir.com\/index.php?rest_route=\/wp\/v2\/product\/37"}],"collection":[{"href":"http:\/\/www.golgelikcadir.com\/index.php?rest_route=\/wp\/v2\/product"}],"about":[{"href":"http:\/\/www.golgelikcadir.com\/index.php?rest_route=\/wp\/v2\/types\/product"}],"replies":[{"embeddable":true,"href":"http:\/\/www.golgelikcadir.com\/index.php?rest_route=%2Fwp%2Fv2%2Fcomments&post=37"}],"wp:featuredmedia":[{"embeddable":true,"href":"http:\/\/www.golgelikcadir.com\/index.php?rest_route=\/wp\/v2\/media\/380"}],"wp:attachment":[{"href":"http:\/\/www.golgelikcadir.com\/index.php?rest_route=%2Fwp%2Fv2%2Fmedia&parent=37"}],"wp:term":[{"taxonomy":"product_cat","embeddable":true,"href":"http:\/\/www.golgelikcadir.com\/index.php?rest_route=%2Fwp%2Fv2%2Fproduct_cat&post=37"},{"taxonomy":"product_tag","embeddable":true,"href":"http:\/\/www.golgelikcadir.com\/index.php?rest_route=%2Fwp%2Fv2%2Fproduct_tag&post=37"}],"curies":[{"name":"wp","href":"https:\/\/api.w.org\/{rel}","templated":true}]}}