{"id":217,"date":"2023-03-12T16:51:08","date_gmt":"2023-03-12T16:51:08","guid":{"rendered":"http:\/\/www.golgelikcadir.com\/?post_type=product&#038;p=217"},"modified":"2023-03-12T16:52:12","modified_gmt":"2023-03-12T16:52:12","slug":"clk-2x3-gazebo-katlanir-kamp-karavan-cadiri-imalati-satisi","status":"publish","type":"product","link":"http:\/\/www.golgelikcadir.com\/?product=clk-2x3-gazebo-katlanir-kamp-karavan-cadiri-imalati-satisi","title":{"rendered":"CLK 2&#215;3 Gazebo Katlan\u0131r Kamp Karavan \u00c7ad\u0131r\u0131 \u0130malat\u0131 Sat\u0131\u015f\u0131"},"content":{"rendered":"<h2 style=\"text-align: center;\">CLK KAMP VE KARAVAN \u00c7ADIR \u0130MALATI SATI\u015eI<\/h2>\n<h3 style=\"text-align: center;\">\nCLK 2&#215;3 KAMP VE KARAVAN \u00c7ADIRI<\/h3>\n<h3 style=\"text-align: center;\">CLK Kamp \u00c7ad\u0131r\u0131 \u0130leti\u015fim: 0 533 925 36 78<\/h3>\n<h2>\u0130malat\u00e7\u0131 Firma CLK Garantili<\/h2>\n<p><strong>CLK 2&#215;3 Kamp \u00c7ad\u0131r\u0131 \u00d6zellikleri<\/strong><\/p>\n<ul>\n<li>Gazebo kamp \u00e7ad\u0131r a\u00e7\u0131k d\u0131\u015ftan d\u0131\u015fa \u00f6l\u00e7\u00fcs\u00fc 2\u00d73 metre geni\u015fliktedir.<\/li>\n<li>\u0130\u00e7 tavan 2,20 metre y\u00fcksekli\u011findedir.<\/li>\n<li>8 ki\u015fiye kadar uyku imkan\u0131 tan\u0131r.<\/li>\n<li>Katland\u0131\u011f\u0131nda 20x20x158 cm olan iskelet ara\u00e7 ile ta\u015f\u0131nabilir, 18 kg d\u0131r.<\/li>\n<li>Gazebo kamp \u00e7ad\u0131r\u0131 kuma\u015f\u0131 %100 su ge\u00e7irmezdir<\/li>\n<li>Ta\u015f\u0131ma \u00e7antas\u0131, ip ve kaz\u0131klar\u0131 ile beraber gelir<\/li>\n<li>\u00c7ad\u0131r\u0131n alt k\u0131sm\u0131 kapal\u0131d\u0131r.<\/li>\n<li>\u00c7ad\u0131r\u0131n yanlar\u0131nda t\u00fcl veya \u015feffaf caml\u0131 105\u00d7120 cm 2 adet pencere vard\u0131r.<\/li>\n<li>D\u0131\u015far\u0131dan g\u00f6z\u00fckmemesi i\u00e7in pencerelerde fermuar ve katlanmas\u0131 i\u00e7in toplama klipsi bulunmaktad\u0131r.<\/li>\n<li>\u00d6n k\u0131sm\u0131nda birle\u015febilir \u00e7ift kap\u0131 \u00f6zelli\u011fi bulunmaktad\u0131r, kap\u0131 dilerseniz tek par\u00e7a 220\u00d7180 cm veya par\u00e7a par\u00e7a 110\u00d7180 cm olarak kullan\u0131labilir.<\/li>\n<li>Kap\u0131larda yine toplama klipsleri bulunmaktad\u0131r.<\/li>\n<li>Kap\u0131da 220\u00d7180 cm ortadan fermuarl\u0131 sineklik vard\u0131r.<\/li>\n<li>\u0130\u00e7 k\u0131sm\u0131nda 4 adet ask\u0131 ve 6 g\u00f6zl\u00fc raf bulunmaktad\u0131r.<\/li>\n<li>Tavanda \u0131\u015f\u0131k asmak i\u00e7in makaslar vard\u0131r.<\/li>\n<li>Taban rahat silinmesi i\u00e7in pvc brandad\u0131r.<\/li>\n<li>\u00dcst branda ve yan duvarlar\u0131 iste\u011fe g\u00f6re kombin yapabilirsiniz.<\/li>\n<li>\u00c7ad\u0131r alt k\u0131sm\u0131nda evcil hayvan giri\u015f yeri bulunmaktad\u0131r.<\/li>\n<li>\u00c7ad\u0131r yan duvar\u0131nda baca sistemi bulunmaktad\u0131r.<\/li>\n<li>Kolay kurulur, a\u00e7\u0131l\u0131r ve kapan\u0131r.<\/li>\n<\/ul>\n<p>CLK Markas\u0131 gazebo katlan\u0131r kamp ve karavan \u00e7ad\u0131rlar\u0131n\u0131n imalat\u00e7\u0131 firmas\u0131d\u0131r. T\u00fcrkiye geneli kargo ile g\u00f6nderimi sa\u011flanan kamp \u00e7ad\u0131rlar\u0131n\u0131 en uygun fiyatlar ile toptan veya perakende olarak sat\u0131n almak i\u00e7in bize <strong>0 533 925 36 78<\/strong> numaral\u0131 telefon ile ula\u015fabilirsiniz.<\/p>\n<p>Perakende olarak <a href=\"http:\/\/www.clkticaret.com\">www.clkticaret.com<\/a> web sitemizden online kredi kart\u0131 ile taksitli sat\u0131n alabilirsiniz. Toptan gazebo kamp \u00e7ad\u0131r\u0131 sat\u0131n almak ve en uygun fiyatlar\u0131 almak i\u00e7in bize ula\u015f\u0131n.<\/p>\n<p>Profil Se\u00e7enekleri: 30 mm \u00e7elik, 40 mm \u00e7elik profil<\/p>\n<h4>CLK Gazebo Kamp \u00c7ad\u0131r\u0131 \u0130leti\u015fim Hatt\u0131:<\/h4>\n<p>Ankara: 0 312 429 02 09<\/p>\n<p>\u0130stanbul: 0 216 599 03 53<\/p>\n<p>\u0130zmir: 0 850 885 13 65<\/p>\n<p>Bursa: 0 850 885 20 19<\/p>\n<p>Adana: 0 850 885 20 29<\/p>\n<p>Antalya: 0 850 885 19 89<\/p>\n<p>\u0130zmit\/Kocaeli: 0 850 885 13 65<\/p>\n<p>T\u00fcrkiye Geneli Sat\u0131n Alma Hatt\u0131: 0 533 925 36 78 (Whatsapp)<\/p>\n","protected":false},"excerpt":{"rendered":"<p>CLK KAMP VE KARAVAN \u00c7ADIR \u0130MALATI SATI\u015eI CLK 2&#215;3 KAMP VE KARAVAN \u00c7ADIRI CLK Kamp \u00c7ad\u0131r\u0131 \u0130leti\u015fim: 0 533 925 36 78 \u0130malat\u00e7\u0131 Firma CLK Garantili CLK 2&#215;3 Kamp \u00c7ad\u0131r\u0131 \u00d6zellikleri Gazebo kamp \u00e7ad\u0131r a\u00e7\u0131k d\u0131\u015ftan d\u0131\u015fa \u00f6l\u00e7\u00fcs\u00fc 2\u00d73 metre geni\u015fliktedir. \u0130\u00e7 tavan 2,20 metre y\u00fcksekli\u011findedir. 8 ki\u015fiye kadar uyku imkan\u0131 tan\u0131r. Katland\u0131\u011f\u0131nda 20x20x158 cm [&hellip;]<\/p>\n","protected":false},"featured_media":408,"comment_status":"open","ping_status":"closed","template":"","meta":{"om_disable_all_campaigns":false,"_mi_skip_tracking":false},"product_cat":[247,248,249,250,222,223,224,225,251,226,227,228,229],"product_tag":[252,253,233,254,255,256,239,257,258,243,259],"aioseo_notices":[],"_links":{"self":[{"href":"http:\/\/www.golgelikcadir.com\/index.php?rest_route=\/wp\/v2\/product\/217"}],"collection":[{"href":"http:\/\/www.golgelikcadir.com\/index.php?rest_route=\/wp\/v2\/product"}],"about":[{"href":"http:\/\/www.golgelikcadir.com\/index.php?rest_route=\/wp\/v2\/types\/product"}],"replies":[{"embeddable":true,"href":"http:\/\/www.golgelikcadir.com\/index.php?rest_route=%2Fwp%2Fv2%2Fcomments&post=217"}],"wp:featuredmedia":[{"embeddable":true,"href":"http:\/\/www.golgelikcadir.com\/index.php?rest_route=\/wp\/v2\/media\/408"}],"wp:attachment":[{"href":"http:\/\/www.golgelikcadir.com\/index.php?rest_route=%2Fwp%2Fv2%2Fmedia&parent=217"}],"wp:term":[{"taxonomy":"product_cat","embeddable":true,"href":"http:\/\/www.golgelikcadir.com\/index.php?rest_route=%2Fwp%2Fv2%2Fproduct_cat&post=217"},{"taxonomy":"product_tag","embeddable":true,"href":"http:\/\/www.golgelikcadir.com\/index.php?rest_route=%2Fwp%2Fv2%2Fproduct_tag&post=217"}],"curies":[{"name":"wp","href":"https:\/\/api.w.org\/{rel}","templated":true}]}}