{"id":215,"date":"2023-03-12T16:51:08","date_gmt":"2023-03-12T16:51:08","guid":{"rendered":"http:\/\/www.golgelikcadir.com\/?post_type=product&#038;p=215"},"modified":"2023-03-12T16:52:10","modified_gmt":"2023-03-12T16:52:10","slug":"clk-2x2-katlanabilir-gazebo-kamp-cadiri-imalati-satisi-05","status":"publish","type":"product","link":"http:\/\/www.golgelikcadir.com\/?product=clk-2x2-katlanabilir-gazebo-kamp-cadiri-imalati-satisi-05","title":{"rendered":"CLK 2&#215;2 Katlanabilir Gazebo Kamp \u00c7ad\u0131r\u0131 \u0130malat\u0131 Sat\u0131\u015f\u0131 05"},"content":{"rendered":"<h2 style=\"text-align: center;\">CLK KAMP VE KARAVAN \u00c7ADIRLARI<\/h2>\n<h3 style=\"text-align: center;\">CLK 2&#215;2 Katlanabilir Gazebo Kamp \u00c7ad\u0131r\u0131 \u0130malat\u0131 Sat\u0131\u015f\u0131 05<\/h3>\n<div><\/div>\n<div>CLK Gazebo Katlan\u0131r Kamp ve Karavan \u00c7ad\u0131r\u0131 Sat\u0131n Almak ve Detayl\u0131 Bilgi Almak \u0130\u00e7in: <strong>0 533 925 36 78<\/strong> bize ula\u015fabilirsiniz.<\/div>\n<h2>Gazebo Kamp \u00c7ad\u0131r\u0131 \u0130malat\u00e7\u0131 Firma CLK Garantili<\/h2>\n<p><strong>2&#215;2 mt Kamp \u00c7ad\u0131r\u0131 \u00d6zellikleri<\/strong><\/p>\n<ul>\n<li>Gazebo \u00e7ad\u0131r a\u00e7\u0131k d\u0131\u015ftan d\u0131\u015fa \u00f6l\u00e7\u00fcs\u00fc 2\u00d72 metre geni\u015fliktedir.<\/li>\n<li>\u0130\u00e7 tavan 2,20 metre y\u00fcksekli\u011findedir.<\/li>\n<li>4-6 ki\u015fiye kadar uyku imkan\u0131 tan\u0131r.<\/li>\n<li>K\u00fc\u00e7\u00fcl\u00fcr, katlan\u0131r 156*20*20 cm katlan\u0131r \u00f6l\u00e7\u00fcs\u00fc<\/li>\n<li>Gazebo kamp \u00e7ad\u0131r\u0131 kuma\u015f\u0131 %100 su ge\u00e7irmezdir<\/li>\n<li>Ta\u015f\u0131ma \u00e7antas\u0131, ip ve kaz\u0131klar\u0131 ile beraber gelir<\/li>\n<li>\u00c7ad\u0131r\u0131n alt k\u0131sm\u0131 kapal\u0131d\u0131r.<\/li>\n<li>\u00c7ad\u0131r\u0131n yanlar\u0131nda sineklik i\u00e7eren 105\u00d7120 cm 2 adet pencere vard\u0131r.<\/li>\n<li>D\u0131\u015far\u0131dan g\u00f6z\u00fckmemesi i\u00e7in pencerelerde fermuar ve katlanmas\u0131 i\u00e7in toplama klipsi bulunmaktad\u0131r.<\/li>\n<li>Kap\u0131larda yine toplama klipsleri bulunmaktad\u0131r.<\/li>\n<li>Kap\u0131da ortadan fermuarl\u0131 sineklik vard\u0131r.<\/li>\n<li>\u0130\u00e7 k\u0131sm\u0131nda 4 adet ask\u0131 ve 6 g\u00f6zl\u00fc raf bulunmaktad\u0131r.<\/li>\n<li>Tavanda \u0131\u015f\u0131k asmak i\u00e7in makaslar vard\u0131r.<\/li>\n<li>Taban rahat silinmesi i\u00e7in pvc brandad\u0131r.<\/li>\n<li>\u00dcst branda ve yan duvarlar\u0131 iste\u011fe g\u00f6re kombin yapabilirsiniz.<\/li>\n<li>\u00c7ad\u0131r \u00f6n duvar\u0131nda baca sistemi bulunmaktad\u0131r.<\/li>\n<li>Kolay kurulur, a\u00e7\u0131l\u0131r ve kapan\u0131r.<\/li>\n<\/ul>\n<div>Gazebo Kamp \u00c7ad\u0131r\u0131 T\u00fcm Renklerde \u0130malat Yapan CLK Firmas\u0131 Evden \u00c7\u0131kmadan Kamp Yapman\u0131za Olanak Sa\u011flar..<\/div>\n<div><\/div>\n<div>CLK Gazebo Katlan\u0131r Kamp ve Karavan \u00c7ad\u0131r\u0131 Sat\u0131n Almak ve Detayl\u0131 Bilgi Almak \u0130\u00e7in: <strong>0 533 925 36 78<\/strong> bize ula\u015fabilirsiniz.<\/div>\n<div><\/div>\n<div>\u00dcr\u00fcnleri online sat\u0131n almak i\u00e7in <a href=\"http:\/\/www.clkticaret.com\"><strong>www.clkticaret.com<\/strong><\/a> web sitemizi ziyaret edebilirsiniz.<\/div>\n<div><\/div>\n<div><\/div>\n<div>\n<figure id=\"attachment_1598\" aria-describedby=\"caption-attachment-1598\" style=\"width: 240px\" class=\"wp-caption aligncenter\"><img decoding=\"async\" loading=\"lazy\" class=\"size-medium wp-image-1598\" src=\"http:\/\/www.bahcebalkonmobilyalari.com.tr\/wp-content\/uploads\/2022\/04\/clk-2x2-gazebo-katlanabilir-kamp-karavan-cadiri-imalati-satisi-katlanir-tente-240x300.png\" alt=\"CLK 2x2 Kamp \u00c7ad\u0131r\u0131 Gazebo Tente\" width=\"240\" height=\"300\" \/><figcaption id=\"caption-attachment-1598\" class=\"wp-caption-text\">CLK 2&#215;2 Kamp \u00c7ad\u0131r\u0131 Gazebo Tente<\/figcaption><\/figure>\n<\/div>\n","protected":false},"excerpt":{"rendered":"<p>CLK Gazebo Kamp ve Karavan \u00c7ad\u0131r\u0131 \u0130malat\u0131 ve Sat\u0131\u015f\u0131 Yapan Lider Firmad\u0131r. Hemen Sizde Katlan\u0131r Gazebo Kamp ve Karavan \u00c7ad\u0131r\u0131 Sat\u0131n Almak \u0130\u00e7in Bize 0 533 925 36 78 Numaral\u0131 Telefon \u0130le Ula\u015fabilirsiniz.<\/p>\n","protected":false},"featured_media":404,"comment_status":"open","ping_status":"closed","template":"","meta":{"om_disable_all_campaigns":false,"_mi_skip_tracking":false},"product_cat":[221,222,223,224,225,226,227,228,229],"product_tag":[230,231,232,233,234,235,236,237,238,239,240,241,242,243,244,245,246],"aioseo_notices":[],"_links":{"self":[{"href":"http:\/\/www.golgelikcadir.com\/index.php?rest_route=\/wp\/v2\/product\/215"}],"collection":[{"href":"http:\/\/www.golgelikcadir.com\/index.php?rest_route=\/wp\/v2\/product"}],"about":[{"href":"http:\/\/www.golgelikcadir.com\/index.php?rest_route=\/wp\/v2\/types\/product"}],"replies":[{"embeddable":true,"href":"http:\/\/www.golgelikcadir.com\/index.php?rest_route=%2Fwp%2Fv2%2Fcomments&post=215"}],"wp:featuredmedia":[{"embeddable":true,"href":"http:\/\/www.golgelikcadir.com\/index.php?rest_route=\/wp\/v2\/media\/404"}],"wp:attachment":[{"href":"http:\/\/www.golgelikcadir.com\/index.php?rest_route=%2Fwp%2Fv2%2Fmedia&parent=215"}],"wp:term":[{"taxonomy":"product_cat","embeddable":true,"href":"http:\/\/www.golgelikcadir.com\/index.php?rest_route=%2Fwp%2Fv2%2Fproduct_cat&post=215"},{"taxonomy":"product_tag","embeddable":true,"href":"http:\/\/www.golgelikcadir.com\/index.php?rest_route=%2Fwp%2Fv2%2Fproduct_tag&post=215"}],"curies":[{"name":"wp","href":"https:\/\/api.w.org\/{rel}","templated":true}]}}