{"id":1476,"date":"2023-03-12T17:01:46","date_gmt":"2023-03-12T17:01:46","guid":{"rendered":"http:\/\/www.golgelikcadir.com\/?post_type=product&#038;p=1476"},"modified":"2023-03-12T17:05:54","modified_gmt":"2023-03-12T17:05:54","slug":"clk-3x45-katlanabilir-tente-gazebo-cadir-cardak-tente-portatif-makasli","status":"publish","type":"product","link":"http:\/\/www.golgelikcadir.com\/?product=clk-3x45-katlanabilir-tente-gazebo-cadir-cardak-tente-portatif-makasli","title":{"rendered":"CLK 3&#215;4,5 Katlanabilir Tente Gazebo \u00c7ad\u0131r \u00c7ardak Tente Portatif Makasl\u0131"},"content":{"rendered":"<h2 style=\"text-align: center;\">CLK 3&#215;4,5 Katlanabilir Tente Gazebo \u00c7ad\u0131r \u00c7ardak Tente Portatif Makasl\u0131<\/h2>\n<h2 style=\"text-align: center;\">T\u00fcrkiye&#8217;de Tek \u0130malat\u00e7\u0131 Firma CLK Ticaret Garantisi<\/h2>\n<h3 style=\"text-align: center;\"><strong>\u0130LET\u0130\u015e\u0130M: 0 533 925 36 78\u00a0<\/strong><\/h3>\n<p><a href=\"http:\/\/www.gazebocadir.com.tr\/?attachment_id=2694\" rel=\"attachment wp-att-2694\"><img decoding=\"async\" loading=\"lazy\" class=\"aligncenter size-medium wp-image-2694\" src=\"http:\/\/www.gazebocadir.com.tr\/wp-content\/uploads\/2023\/01\/clk-3x45-katlanabilir-gazebo-tente-portatif-cardak-8-tente-ucuz-fiyat-gazebo-makasli-cadir-cardak-clk--300x200.jpg\" alt=\"\" width=\"300\" height=\"200\" \/><\/a><\/p>\n<h2>3&#215;4,5 mt CLK Gazebo \u00c7ad\u0131r Katlan\u0131r Makasl\u0131 tente imalat ve sat\u0131\u015f\u0131<\/h2>\n<div>\u0130malat\u00e7\u0131 firma\u00a0CLK T\u0130CARET\u00a0g\u00fcvencesi ile %100 su ge\u00e7irmez Oxford kuma\u015f ile \u00fcretilmi\u015f, branda ve iskelet garantili katlanabilir gazebo \u00e7ad\u0131rlar\u0131.<\/div>\n<div><\/div>\n<div>Paket \u0130\u00e7eri\u011fi:\u00a0\u00a0Gazebo Tavan Kuma\u015f\u0131 + Al\u00fcminyum veya \u00c7elik \u0130skelet<\/div>\n<ul>\n<li>17 Farkl\u0131 Branda (Kuma\u015f) Renk Se\u00e7ene\u011fi<\/li>\n<li>%100 Su Ge\u00e7irmez Tavan<\/li>\n<li>Ayaklar\u0131nda yere sabitlemek i\u00e7in delikler bulunmaktad\u0131r,<\/li>\n<li>Kullan\u0131m Alanlar\u0131: Kamp, Bah\u00e7e, Piknik, G\u00f6lgelik, Outdoor, Organizasyon, Stand, Pazar gibi t\u00fcm alanlarda kullanabilece\u011finiz en sa\u011flam katlanabilir gazebo \u00e7ad\u0131r imalat\u0131n\u0131 yapan tek firma\u00a0CLK Gazebo \u00c7ad\u0131r<\/li>\n<\/ul>\n<div><\/div>\n<div>\n<div><strong>Profil Se\u00e7enekleri: 30x30x1 mm kare \u00e7elik profil, 40&#215;1,2 mm alt\u0131gen \u00e7elik profil, 40&#215;1,2 mm alt\u0131gen al\u00fcminyum profil, 52&#215;1,5 mm sekizgen al\u00fcminyum profil<\/strong><\/div>\n<\/div>\n<h3>Teknik \u00d6zellikler<\/h3>\n<div>D\u0131\u015f Profil \u00d6l\u00e7\u00fcleri (Bacaklar): 30x30x0.8 mm<\/div>\n<div>\u0130\u00e7 Profil (Bacaklar) : 25x25x0.8 mm<\/div>\n<div>\u00c7apraz Makas Borular: 22x12x0.8 mm<\/div>\n<div>Profil Rengi : Beyaz<\/div>\n<div>Kapal\u0131 Boyutu: 20x30x157 cm<\/div>\n<div>A\u00e7\u0131k Boyutu: 300x450x (h) 190-220 cm (3 Kademe Y\u00fckseklik Ayar\u0131)<\/div>\n<div>Kaplad\u0131\u011f\u0131 Alan : 13 m2<\/div>\n<div>Branda Dahil 37kg<\/div>\n<div>En Y\u00fcksek Nokta Kubbe Y\u00fcksekli\u011fi: 320 cm<\/div>\n<div><\/div>\n<div>\n<div><\/div>\n<div><strong>T\u00fcrkiye Geneli Kargo \u0130le G\u00f6nderim<\/strong><\/div>\n<h3>\u0130leti\u015fim:<\/h3>\n<div><strong>Ankara<\/strong>: 0 312 429 02 09<\/div>\n<div><strong>\u0130stanbul Anadolu Yakas\u0131<\/strong>: 0 216 599 03 53<\/div>\n<div><strong>\u0130stanbul Avrupa Yakas\u0131<\/strong>: 0 850 885 13 65<\/div>\n<div><strong>\u0130zmir<\/strong>: 0 850 885 20 19<\/div>\n<div><strong>Bursa<\/strong>: 0 850 885 20 29<\/div>\n<div><strong>Antalya<\/strong>: 0 850 885 19 89<\/div>\n<div><strong>\u0130zmit<\/strong>&#8211;<strong>Kocaeli<\/strong>: 0 850 885 09 05<\/div>\n<div><strong>T\u00fcrkiye<\/strong> <strong>Geneli<\/strong> <strong>Sat\u0131\u015f Hatt\u0131<\/strong>: 0 533 925 36 78 (Whatsapp)<\/div>\n<div><strong>E<\/strong>&#8211;<strong>Mail<\/strong>: <a href=\"mailto:info@gazebocadir.com.tr\"><strong>info@gazebocadir.com.tr<\/strong><\/a><\/div>\n<\/div>\n","protected":false},"excerpt":{"rendered":"<p>CLK 3&#215;4,5 Katlanabilir Tente Gazebo \u00c7ad\u0131r \u00c7ardak Tente Portatif Makasl\u0131 T\u00fcrkiye&#8217;de Tek \u0130malat\u00e7\u0131 Firma CLK Ticaret Garantisi \u0130LET\u0130\u015e\u0130M: 0 533 925 36 78\u00a0 3&#215;4,5 mt CLK Gazebo \u00c7ad\u0131r Katlan\u0131r Makasl\u0131 tente imalat ve sat\u0131\u015f\u0131 \u0130malat\u00e7\u0131 firma\u00a0CLK T\u0130CARET\u00a0g\u00fcvencesi ile %100 su ge\u00e7irmez Oxford kuma\u015f ile \u00fcretilmi\u015f, branda ve iskelet garantili katlanabilir gazebo \u00e7ad\u0131rlar\u0131. Paket \u0130\u00e7eri\u011fi:\u00a0\u00a0Gazebo Tavan [&hellip;]<\/p>\n","protected":false},"featured_media":2023,"comment_status":"closed","ping_status":"closed","template":"","meta":{"om_disable_all_campaigns":false,"_mi_skip_tracking":false},"product_cat":[1344,1345,1346,1347,1348,1349,84,1350,1351,1352,1353,1389,1364,89,281,1390,1365,1356],"product_tag":[1395,176,50,1396,51,1397,1232,1082,56,57],"aioseo_notices":[],"_links":{"self":[{"href":"http:\/\/www.golgelikcadir.com\/index.php?rest_route=\/wp\/v2\/product\/1476"}],"collection":[{"href":"http:\/\/www.golgelikcadir.com\/index.php?rest_route=\/wp\/v2\/product"}],"about":[{"href":"http:\/\/www.golgelikcadir.com\/index.php?rest_route=\/wp\/v2\/types\/product"}],"replies":[{"embeddable":true,"href":"http:\/\/www.golgelikcadir.com\/index.php?rest_route=%2Fwp%2Fv2%2Fcomments&post=1476"}],"wp:featuredmedia":[{"embeddable":true,"href":"http:\/\/www.golgelikcadir.com\/index.php?rest_route=\/wp\/v2\/media\/2023"}],"wp:attachment":[{"href":"http:\/\/www.golgelikcadir.com\/index.php?rest_route=%2Fwp%2Fv2%2Fmedia&parent=1476"}],"wp:term":[{"taxonomy":"product_cat","embeddable":true,"href":"http:\/\/www.golgelikcadir.com\/index.php?rest_route=%2Fwp%2Fv2%2Fproduct_cat&post=1476"},{"taxonomy":"product_tag","embeddable":true,"href":"http:\/\/www.golgelikcadir.com\/index.php?rest_route=%2Fwp%2Fv2%2Fproduct_tag&post=1476"}],"curies":[{"name":"wp","href":"https:\/\/api.w.org\/{rel}","templated":true}]}}