{"id":3041,"date":"2023-03-12T17:51:01","date_gmt":"2023-03-12T17:51:01","guid":{"rendered":"http:\/\/www.golgelikcadir.com\/?page_id=3041"},"modified":"2023-03-12T17:51:03","modified_gmt":"2023-03-12T17:51:03","slug":"iletisim","status":"publish","type":"page","link":"http:\/\/www.golgelikcadir.com\/?page_id=3041","title":{"rendered":"\u0130leti\u015fim"},"content":{"rendered":"\n<p>Gazebo Katlanabilir Tente: 0 850 885 13 65<\/p>\n\n\n\n<p>CLK \u015eemsiye &#8211; Bah\u00e7e \u015eemsiyeleri: 0 850 885 19 89<\/p>\n\n\n\n<p>Kamp ve Afet \u00c7ad\u0131rlar\u0131: 0 850 885 20 19<\/p>\n\n\n\n<p>Ankara: 0 312 429 02 09<\/p>\n\n\n\n<p>\u0130stanbul: 0 216 599 03 53<\/p>\n\n\n\n<p>\u0130zmir: 0 850 885 09 05<\/p>\n\n\n\n<p>Bursa: 0 850 885 13 65<\/p>\n\n\n\n<p>Antalya: 0 850 885 20 29<\/p>\n\n\n\n<p>Whatsapp: 0 533 925 36 78<\/p>\n\n\n\n<p>Cep Telefon: 0 535 661 97 22<\/p>\n\n\n\n<p>E-Mail: <a href=\"mailto:info@golgelikcadir.com\">info@golgelikcadir.com<\/a><\/p>\n","protected":false},"excerpt":{"rendered":"<p>Gazebo Katlanabilir Tente: 0 850 885 13 65 CLK \u015eemsiye &#8211; Bah\u00e7e \u015eemsiyeleri: 0 850 885 19 89 Kamp ve Afet \u00c7ad\u0131rlar\u0131: 0 850 885 20 19 Ankara: 0 312 429 02 09 \u0130stanbul: 0 216 599 03 53 \u0130zmir: 0 850 885 09 05 Bursa: 0 850 885 13 65 Antalya: 0 850 885 [&hellip;]<\/p>\n","protected":false},"author":1,"featured_media":0,"parent":0,"menu_order":0,"comment_status":"closed","ping_status":"closed","template":"","meta":{"om_disable_all_campaigns":false,"_mi_skip_tracking":false},"aioseo_notices":[],"_links":{"self":[{"href":"http:\/\/www.golgelikcadir.com\/index.php?rest_route=\/wp\/v2\/pages\/3041"}],"collection":[{"href":"http:\/\/www.golgelikcadir.com\/index.php?rest_route=\/wp\/v2\/pages"}],"about":[{"href":"http:\/\/www.golgelikcadir.com\/index.php?rest_route=\/wp\/v2\/types\/page"}],"author":[{"embeddable":true,"href":"http:\/\/www.golgelikcadir.com\/index.php?rest_route=\/wp\/v2\/users\/1"}],"replies":[{"embeddable":true,"href":"http:\/\/www.golgelikcadir.com\/index.php?rest_route=%2Fwp%2Fv2%2Fcomments&post=3041"}],"version-history":[{"count":1,"href":"http:\/\/www.golgelikcadir.com\/index.php?rest_route=\/wp\/v2\/pages\/3041\/revisions"}],"predecessor-version":[{"id":3042,"href":"http:\/\/www.golgelikcadir.com\/index.php?rest_route=\/wp\/v2\/pages\/3041\/revisions\/3042"}],"wp:attachment":[{"href":"http:\/\/www.golgelikcadir.com\/index.php?rest_route=%2Fwp%2Fv2%2Fmedia&parent=3041"}],"curies":[{"name":"wp","href":"https:\/\/api.w.org\/{rel}","templated":true}]}}